{"id":749,"date":"2026-02-23T13:15:26","date_gmt":"2026-02-23T12:15:26","guid":{"rendered":"https:\/\/seniorshop.fi\/alue-6\/mallisto\/Ei-luokiteltu\/farkkuhousut-2\/"},"modified":"2026-02-23T13:15:26","modified_gmt":"2026-02-23T12:15:26","slug":"farkkuhousut-2","status":"publish","type":"product","link":"https:\/\/seniorshop.fi\/alue-6\/mallisto\/naiset\/alaosat\/farkkuhousut-2\/","title":{"rendered":"Farkkuhousut"},"content":{"rendered":"","protected":false},"excerpt":{"rendered":"<p>Joustovy\u00f6t\u00e4r\u00f6llinen farkku<\/p>\n","protected":false},"featured_media":10000007090,"template":"","meta":{"_acf_changed":false},"product_brand":[40],"product_cat":[58,38],"product_tag":[],"class_list":{"0":"post-749","1":"product","2":"type-product","3":"status-publish","4":"has-post-thumbnail","6":"product_brand-sunday","7":"product_cat-alaosat","8":"product_cat-naiset","9":"pa_koot-2xl","10":"pa_koot-3xl","11":"pa_koot-4xl","12":"pa_koot-l","13":"pa_koot-m","14":"pa_koot-s","15":"pa_koot-xl","16":"pa_vari-vaalean-sininen","18":"first","19":"instock","20":"purchasable","21":"product-type-simple"},"acf":[],"mb":[],"mfb_rest_fields":["title"],"_links":{"self":[{"href":"https:\/\/seniorshop.fi\/alue-6\/wp-json\/wp\/v2\/product\/749","targetHints":{"allow":["GET"]}}],"collection":[{"href":"https:\/\/seniorshop.fi\/alue-6\/wp-json\/wp\/v2\/product"}],"about":[{"href":"https:\/\/seniorshop.fi\/alue-6\/wp-json\/wp\/v2\/types\/product"}],"wp:featuredmedia":[{"embeddable":true,"href":"https:\/\/seniorshop.fi\/alue-6\/wp-json\/"}],"wp:attachment":[{"href":"https:\/\/seniorshop.fi\/alue-6\/wp-json\/wp\/v2\/media?parent=749"}],"wp:term":[{"taxonomy":"product_brand","embeddable":true,"href":"https:\/\/seniorshop.fi\/alue-6\/wp-json\/wp\/v2\/product_brand?post=749"},{"taxonomy":"product_cat","embeddable":true,"href":"https:\/\/seniorshop.fi\/alue-6\/wp-json\/wp\/v2\/product_cat?post=749"},{"taxonomy":"product_tag","embeddable":true,"href":"https:\/\/seniorshop.fi\/alue-6\/wp-json\/wp\/v2\/product_tag?post=749"}],"curies":[{"name":"wp","href":"https:\/\/api.w.org\/{rel}","templated":true}]}}