{"id":1093,"date":"2026-02-23T13:14:59","date_gmt":"2026-02-23T12:14:59","guid":{"rendered":"https:\/\/seniorshop.fi\/alue-4\/mallisto\/Ei-luokiteltu\/takki-2\/"},"modified":"2026-02-23T14:38:05","modified_gmt":"2026-02-23T13:38:05","slug":"takki-2","status":"publish","type":"product","link":"https:\/\/seniorshop.fi\/alue-4\/mallisto\/miehet\/ulkovaatteet-miehet\/takki-2\/","title":{"rendered":"Takki"},"content":{"rendered":"","protected":false},"excerpt":{"rendered":"<p>T\u00e4ydellinen takki kev\u00e4\u00e4n vaihtuviin s\u00e4ihin<\/p>\n","protected":false},"featured_media":10000006976,"template":"","meta":{"_acf_changed":false},"product_brand":[116],"product_cat":[42,142],"product_tag":[],"class_list":{"0":"post-1093","1":"product","2":"type-product","3":"status-publish","4":"has-post-thumbnail","6":"product_brand-erla-of-sweden","7":"product_cat-miehet","8":"product_cat-ulkovaatteet-miehet","9":"pa_koot-50","10":"pa_koot-51","11":"pa_koot-52","12":"pa_koot-54","13":"pa_koot-120","14":"pa_koot-130","15":"pa_koot-131","16":"pa_koot-132","17":"pa_koot-133","18":"pa_koot-134","19":"pa_vari-marin","21":"first","22":"instock","23":"purchasable","24":"product-type-simple"},"acf":[],"mb":[],"mfb_rest_fields":["title"],"_links":{"self":[{"href":"https:\/\/seniorshop.fi\/alue-4\/wp-json\/wp\/v2\/product\/1093","targetHints":{"allow":["GET"]}}],"collection":[{"href":"https:\/\/seniorshop.fi\/alue-4\/wp-json\/wp\/v2\/product"}],"about":[{"href":"https:\/\/seniorshop.fi\/alue-4\/wp-json\/wp\/v2\/types\/product"}],"wp:featuredmedia":[{"embeddable":true,"href":"https:\/\/seniorshop.fi\/alue-4\/wp-json\/"}],"wp:attachment":[{"href":"https:\/\/seniorshop.fi\/alue-4\/wp-json\/wp\/v2\/media?parent=1093"}],"wp:term":[{"taxonomy":"product_brand","embeddable":true,"href":"https:\/\/seniorshop.fi\/alue-4\/wp-json\/wp\/v2\/product_brand?post=1093"},{"taxonomy":"product_cat","embeddable":true,"href":"https:\/\/seniorshop.fi\/alue-4\/wp-json\/wp\/v2\/product_cat?post=1093"},{"taxonomy":"product_tag","embeddable":true,"href":"https:\/\/seniorshop.fi\/alue-4\/wp-json\/wp\/v2\/product_tag?post=1093"}],"curies":[{"name":"wp","href":"https:\/\/api.w.org\/{rel}","templated":true}]}}