{"id":1063,"date":"2026-02-23T13:15:12","date_gmt":"2026-02-23T12:15:12","guid":{"rendered":"https:\/\/seniorshop.fi\/alue-4\/mallisto\/Ei-luokiteltu\/housut-7\/"},"modified":"2026-02-23T13:26:35","modified_gmt":"2026-02-23T12:26:35","slug":"housut-7","status":"publish","type":"product","link":"https:\/\/seniorshop.fi\/alue-4\/mallisto\/miehet\/alaosat-miehet\/housut-7\/","title":{"rendered":"Housut"},"content":{"rendered":"","protected":false},"excerpt":{"rendered":"<p>Taskulliset housut joustavalla vy\u00f6t\u00e4r\u00f6ll\u00e4<\/p>\n","protected":false},"featured_media":10000006979,"template":"","meta":{"_acf_changed":false},"product_brand":[116],"product_cat":[117,42],"product_tag":[],"class_list":{"0":"post-1063","1":"product","2":"type-product","3":"status-publish","4":"has-post-thumbnail","6":"product_brand-erla-of-sweden","7":"product_cat-alaosat-miehet","8":"product_cat-miehet","9":"pa_koot-2xl","10":"pa_koot-3xl","11":"pa_koot-4xl","12":"pa_koot-5xl","13":"pa_koot-l","14":"pa_koot-m","15":"pa_koot-s","16":"pa_koot-xl","17":"pa_vari-marin","19":"first","20":"instock","21":"purchasable","22":"product-type-simple"},"acf":[],"mb":[],"mfb_rest_fields":["title"],"_links":{"self":[{"href":"https:\/\/seniorshop.fi\/alue-4\/wp-json\/wp\/v2\/product\/1063","targetHints":{"allow":["GET"]}}],"collection":[{"href":"https:\/\/seniorshop.fi\/alue-4\/wp-json\/wp\/v2\/product"}],"about":[{"href":"https:\/\/seniorshop.fi\/alue-4\/wp-json\/wp\/v2\/types\/product"}],"wp:featuredmedia":[{"embeddable":true,"href":"https:\/\/seniorshop.fi\/alue-4\/wp-json\/"}],"wp:attachment":[{"href":"https:\/\/seniorshop.fi\/alue-4\/wp-json\/wp\/v2\/media?parent=1063"}],"wp:term":[{"taxonomy":"product_brand","embeddable":true,"href":"https:\/\/seniorshop.fi\/alue-4\/wp-json\/wp\/v2\/product_brand?post=1063"},{"taxonomy":"product_cat","embeddable":true,"href":"https:\/\/seniorshop.fi\/alue-4\/wp-json\/wp\/v2\/product_cat?post=1063"},{"taxonomy":"product_tag","embeddable":true,"href":"https:\/\/seniorshop.fi\/alue-4\/wp-json\/wp\/v2\/product_tag?post=1063"}],"curies":[{"name":"wp","href":"https:\/\/api.w.org\/{rel}","templated":true}]}}