{"id":524,"date":"2024-05-29T13:51:56","date_gmt":"2024-05-29T11:51:56","guid":{"rendered":"https:\/\/seniorshop.fi\/?page_id=247"},"modified":"2025-08-05T09:28:35","modified_gmt":"2025-08-05T07:28:35","slug":"tietosuojakaytanto","status":"publish","type":"page","link":"https:\/\/seniorshop.fi\/alue-10\/tietosuojakaytanto\/","title":{"rendered":"Tietosuojak\u00e4yt\u00e4nt\u00f6"},"content":{"rendered":"\n<h2 class=\"wp-block-heading\">Keit\u00e4 me olemme<\/h2>\n\n\n\n<p>Verkkosivustomme osoite on: https:\/\/seniorshopsuomi.fi<\/p>\n\n\n\n<h2 class=\"wp-block-heading\">Ev\u00e4stetiedostot<\/h2>\n\n\n\n<p>Jos vierailet kirjautumissivullamme, asetamme v\u00e4liaikaisen ev\u00e4steen tarkistaaksemme, hyv\u00e4ksyyk\u00f6 selaimesi ne. T\u00e4m\u00e4 ev\u00e4ste ei sis\u00e4ll\u00e4 henkil\u00f6tietoja ja se katoaa, kun suljet selaimesi.<\/p>\n\n\n\n<p>Kun kirjaudut sis\u00e4\u00e4n, luomme my\u00f6s useita ev\u00e4steit\u00e4 tallentaaksemme tietoja kirjautumistasi ja valintojasi n\u00e4yt\u00f6n asettelun suunnittelussa. Kirjautumisev\u00e4steet ovat voimassa kaksi p\u00e4iv\u00e4\u00e4 ja asettelun valintaev\u00e4steet vuoden. Jos valitset &#8221;Muista minut&#8221;, ev\u00e4steesi s\u00e4ilyy kaksi viikkoa. Jos kirjaudut ulos tililt\u00e4si, kirjautumisev\u00e4steet poistetaan.<\/p>\n\n\n\n<h2 class=\"wp-block-heading\">Upotettu sis\u00e4lt\u00f6 muilta verkkosivustoilta<\/h2>\n\n\n\n<p>T\u00e4m\u00e4n sivuston artikkelit voivat sis\u00e4lt\u00e4\u00e4 upotettua sis\u00e4lt\u00f6\u00e4 (esimerkiksi videoita, kuvia, artikkeleita jne.). Muiden verkkosivustojen upotettu sis\u00e4lt\u00f6 k\u00e4ytt\u00e4ytyy t\u00e4sm\u00e4lleen samalla tavalla kuin jos vierailija olisi k\u00e4ynyt toisella verkkosivustolla.<\/p>\n\n\n\n<p>N\u00e4m\u00e4 verkkosivustot voivat ker\u00e4t\u00e4 tietoja sinusta, k\u00e4ytt\u00e4\u00e4 ev\u00e4steit\u00e4, upottaa ylim\u00e4\u00e4r\u00e4ist\u00e4 kolmannen osapuolen seurantaa ja seurata vuorovaikutustasi mainitun upotetun sis\u00e4ll\u00f6n kanssa, mukaan lukien vuorovaikutustasi t\u00e4m\u00e4n upotetun sis\u00e4ll\u00f6n kanssa, jos sinulla on tili ja olet kirjautunut kyseiselle verkkosivustolle.<\/p>\n\n\n\n<h2 class=\"wp-block-heading\">Kenen kanssa jaamme tietosi<\/h2>\n\n\n\n<p>Jos pyyd\u00e4t salasanan vaihtoa, IP-osoitteesi sis\u00e4llytet\u00e4\u00e4n palautusviestiin.<\/p>\n\n\n\n<h2 class=\"wp-block-heading\">Kuinka kauan s\u00e4ilyt\u00e4mme tietojasi<\/h2>\n\n\n\n<p>K\u00e4ytt\u00e4jille, jotka rekister\u00f6ityv\u00e4t verkkosivustollemme (jos sellaisia \u200b\u200bon), tallennamme my\u00f6s heid\u00e4n k\u00e4ytt\u00e4j\u00e4profiiliinsa antamansa henkil\u00f6tiedot. Kaikki k\u00e4ytt\u00e4j\u00e4t voivat tarkastella, muokata tai poistaa omia henkil\u00f6tietojaan milloin tahansa (poikkeuksena, ett\u00e4 he eiv\u00e4t voi muuttaa k\u00e4ytt\u00e4j\u00e4tunnustaan). My\u00f6s sivuston yll\u00e4pit\u00e4j\u00e4t voivat n\u00e4hd\u00e4 ja muokata n\u00e4it\u00e4 tietoja.<\/p>\n\n\n\n<h2 class=\"wp-block-heading\">Mit\u00e4 oikeuksia sinulla on tietoihisi<\/h2>\n\n\n\n<p>Jos sinulla on tili tai olet l\u00e4hett\u00e4nyt kommentteja t\u00e4lle verkkosivustolle, voit pyyt\u00e4\u00e4 vientitiedostoa hallussamme olevista henkil\u00f6tiedoistasi, mukaan lukien kaikki meille antamasi tiedot. Voit my\u00f6s pyyt\u00e4\u00e4, ett\u00e4 poistamme kaikki henkil\u00f6tiedot, jotka meill\u00e4 on sinusta. T\u00e4m\u00e4 ei sis\u00e4ll\u00e4 tietoja, jotka meid\u00e4n on tallennettava hallinnollisia, oikeudellisia tai turvallisuustarkoituksia varten.<\/p>\n\n\n\n<div style=\"height:100px\" aria-hidden=\"true\" class=\"wp-block-spacer\"><\/div>\n","protected":false},"excerpt":{"rendered":"<p>Keit\u00e4 me olemme Verkkosivustomme osoite on: https:\/\/seniorshopsuomi.fi Ev\u00e4stetiedostot Jos vierailet kirjautumissivullamme, asetamme v\u00e4liaikaisen ev\u00e4steen tarkistaaksemme, hyv\u00e4ksyyk\u00f6 selaimesi ne. T\u00e4m\u00e4 ev\u00e4ste ei sis\u00e4ll\u00e4 henkil\u00f6tietoja ja se katoaa, kun suljet selaimesi. Kun kirjaudut sis\u00e4\u00e4n, luomme my\u00f6s useita ev\u00e4steit\u00e4 tallentaaksemme tietoja kirjautumistasi ja valintojasi n\u00e4yt\u00f6n asettelun suunnittelussa. Kirjautumisev\u00e4steet ovat voimassa kaksi p\u00e4iv\u00e4\u00e4 ja asettelun valintaev\u00e4steet vuoden. Jos valitset [&hellip;]<\/p>\n","protected":false},"author":1,"featured_media":0,"parent":0,"menu_order":0,"comment_status":"closed","ping_status":"closed","template":"wp-custom-template-sida-med-sidtitel","meta":{"_acf_changed":false,"footnotes":""},"class_list":["post-524","page","type-page","status-publish","hentry"],"acf":[],"mb":[],"mfb_rest_fields":["title"],"_links":{"self":[{"href":"https:\/\/seniorshop.fi\/alue-10\/wp-json\/wp\/v2\/pages\/524","targetHints":{"allow":["GET"]}}],"collection":[{"href":"https:\/\/seniorshop.fi\/alue-10\/wp-json\/wp\/v2\/pages"}],"about":[{"href":"https:\/\/seniorshop.fi\/alue-10\/wp-json\/wp\/v2\/types\/page"}],"author":[{"embeddable":true,"href":"https:\/\/seniorshop.fi\/alue-10\/wp-json\/wp\/v2\/users\/1"}],"replies":[{"embeddable":true,"href":"https:\/\/seniorshop.fi\/alue-10\/wp-json\/wp\/v2\/comments?post=524"}],"version-history":[{"count":0,"href":"https:\/\/seniorshop.fi\/alue-10\/wp-json\/wp\/v2\/pages\/524\/revisions"}],"wp:attachment":[{"href":"https:\/\/seniorshop.fi\/alue-10\/wp-json\/wp\/v2\/media?parent=524"}],"curies":[{"name":"wp","href":"https:\/\/api.w.org\/{rel}","templated":true}]}}